{"id":1753,"date":"2019-12-18T17:49:10","date_gmt":"2019-12-18T16:49:10","guid":{"rendered":"https:\/\/rwmitalia.com\/paranchi-elettrici-serie-wr\/"},"modified":"2021-06-21T11:40:22","modified_gmt":"2021-06-21T09:40:22","slug":"serie-wr","status":"publish","type":"page","link":"https:\/\/www.rwmitalia.com\/fr\/serie-wr\/","title":{"rendered":"S\u00e8rie WR"},"content":{"rendered":"<div class=\"wpb-content-wrapper\"><p>[vc_row][vc_column][vc_column_text el_class=\u00a0\u00bbm-b-none\u00a0\u00bb]<\/p>\n<h4 style=\"text-align: justify;\">La <strong>s\u00e9rie WR<\/strong> a \u00e9t\u00e9 con\u00e7ue et construite pour soulever des charges <strong>de 1000 \u00e0 5000 kg<\/strong> dans des environnements de travail lourds, o\u00f9 une grande r\u00e9sistance et surtout une grande fiabilit\u00e9 doivent \u00eatre prouv\u00e9es afin de maintenir les plus hautes performances le plus longtemps que possible.<\/h4>\n<h4 style=\"text-align: justify;\">Ces caract\u00e9ristiques sont d\u00e9montr\u00e9es par la structure du palan enti\u00e8rement en alliage d&rsquo;aluminium et par l&rsquo;absence totale de mati\u00e8re plastique.<\/h4>\n<p>[\/vc_column_text][vc_empty_space height=\u00a0\u00bb20px\u00a0\u00bb][vc_separator color=\u00a0\u00bbcustom\u00a0\u00bb style=\u00a0\u00bbsolid\u00a0\u00bb accent_color=\u00a0\u00bb#eeeeee\u00a0\u00bb][vc_empty_space height=\u00a0\u00bb20px\u00a0\u00bb]<div class=\"porto-portfolios porto-portfoliosai3z wpb_content_element  porto-portfolio-49a15b18bd4722017b499dda5053a7db\" data-appear-animation=\"fadeInUp\">\r\n\t<div class=\"page-portfolios clearfix portfolios-grid wpb_custom_f766824d32289da1f974c4f6f5382936\" id=\"porto_portfolios_9q6h\">\r\n\r\n\t\r\n\t\r\n\t\t\t<div class=\"portfolios-container portfolio-row portfolio-row-3 classic\">\r\n\r\n\t\r\n\t\t<article class=\"portfolio portfolio-grid portfolio-col-3 serie-wr post-1909 type-portfolio status-publish has-post-thumbnail hentry portfolio_cat-serie-wr\">\r\n\t\t\t\t<h3 class=\"entry-title\" style=\"display: none;\">S\u00e9rie WR-F Configuration fixe<\/h3><span class=\"vcard\" style=\"display: none;\"><span class=\"fn\"><a href=\"https:\/\/www.rwmitalia.com\/fr\/author\/thundra\/\" title=\"Articles par admin\" rel=\"author\">admin<\/a><\/span><\/span><span class=\"updated\" style=\"display:none\">2021-07-05T11:38:54+02:00<\/span>\t\t<div class=\"portfolio-item default\">\r\n\t\t\t\r\n\t\t\t<a class=\"text-decoration-none portfolio-link\" href=\"https:\/\/www.rwmitalia.com\/fr\/portfolio\/serie-wr-f-configurazione-fisso\/\">\r\n\t\t\t\t<span class=\"thumb-info thumb-info-hide-wrapper-bg\">\r\n\t\t\t\t\t<span class=\"thumb-info-wrapper\">\r\n\t\t\t\t\t\t\t\t\t\t\t\t\t\t\t<img loading=\"lazy\" decoding=\"async\" class=\"img-responsive\" src=\"https:\/\/www.rwmitalia.com\/wp-content\/uploads\/2019\/12\/Paranco-Serie-WR-F-Configurazione-fisso-367x367.jpg\" alt=\"\" width=\"367\" height=\"367\" title=\"\">\r\n\t\t\t\t\t\t\t\t\t\r\n\t\t\t\t\t\t\r\n\t\t\t\t\t\t\r\n\t\t\t\t\t\t\t\t\t\t\t\t\t\t\t\t<span class=\"thumb-info-title\">\r\n\r\n\t\t\t\t\t\t\t\t\t\t<span class=\"thumb-info-inner\">S\u00e9rie WR-F Configuration fixe<\/span>\r\n\r\n\t\t\t\t\t\t\t\t\t\t\t\t\t\t\t\t\t\t\t\t\t<span class=\"thumb-info-type\">S\u00e9rie WR<\/span>\r\n\t\t\t\t\t\t\t\t\t\t\r\n\t\t\t\t\t\t\t\t\t<\/span>\r\n\t\t\t\t\t\t\t\t\t\t\t\t\t\t\t\t\t\t\t\t\t\t\t\t\t\t\t<span class=\"thumb-info-action\">\r\n\t\t\t\t\t\t\t\t\t\t\t\t\t\t\t\t\t<span class=\"thumb-info-action-icon thumb-info-action-icon-dark opacity-8\"><i class=\"fa fa-link\"><\/i><\/span>\r\n\t\t\t\t\t\t\t\t\t\t\t\t\t\t\t\t\t\t\t\t\t\t\t<\/span>\r\n\t\t\t\t\t\t\t\t\t\t\t\t\t\t\t\t\t<\/span>\r\n\t\t\t\t<\/span>\r\n\t\t\t<\/a>\r\n\t\t\t\t\t\t\t\t<\/div>\r\n\t<\/article>\r\n\t\t<article class=\"portfolio portfolio-grid portfolio-col-3 serie-wr post-1970 type-portfolio status-publish has-post-thumbnail hentry portfolio_cat-serie-wr\">\r\n\t\t\t\t<h3 class=\"entry-title\" style=\"display: none;\">S\u00e9rie WR-CS configuration \u00e0 chariot libre<\/h3><span class=\"vcard\" style=\"display: none;\"><span class=\"fn\"><a href=\"https:\/\/www.rwmitalia.com\/fr\/author\/thundra\/\" title=\"Articles par admin\" rel=\"author\">admin<\/a><\/span><\/span><span class=\"updated\" style=\"display:none\">2022-01-28T18:34:04+01:00<\/span>\t\t<div class=\"portfolio-item default\">\r\n\t\t\t\r\n\t\t\t<a class=\"text-decoration-none portfolio-link\" href=\"https:\/\/www.rwmitalia.com\/fr\/portfolio\/serie-wr-cs-carrello-a-spinta\/\">\r\n\t\t\t\t<span class=\"thumb-info thumb-info-hide-wrapper-bg\">\r\n\t\t\t\t\t<span class=\"thumb-info-wrapper\">\r\n\t\t\t\t\t\t\t\t\t\t\t\t\t\t\t<img loading=\"lazy\" decoding=\"async\" class=\"img-responsive\" src=\"https:\/\/www.rwmitalia.com\/wp-content\/uploads\/2019\/12\/Paranco-Serie-WR-CS-Configurazione-carrello-a-spinta-367x367.jpg\" alt=\"\" width=\"367\" height=\"367\" title=\"\">\r\n\t\t\t\t\t\t\t\t\t\r\n\t\t\t\t\t\t\r\n\t\t\t\t\t\t\r\n\t\t\t\t\t\t\t\t\t\t\t\t\t\t\t\t<span class=\"thumb-info-title\">\r\n\r\n\t\t\t\t\t\t\t\t\t\t<span class=\"thumb-info-inner\">S\u00e9rie WR-CS configuration \u00e0 chariot libre<\/span>\r\n\r\n\t\t\t\t\t\t\t\t\t\t\t\t\t\t\t\t\t\t\t\t\t<span class=\"thumb-info-type\">S\u00e9rie WR<\/span>\r\n\t\t\t\t\t\t\t\t\t\t\r\n\t\t\t\t\t\t\t\t\t<\/span>\r\n\t\t\t\t\t\t\t\t\t\t\t\t\t\t\t\t\t\t\t\t\t\t\t\t\t\t\t<span class=\"thumb-info-action\">\r\n\t\t\t\t\t\t\t\t\t\t\t\t\t\t\t\t\t<span class=\"thumb-info-action-icon thumb-info-action-icon-dark opacity-8\"><i class=\"fa fa-link\"><\/i><\/span>\r\n\t\t\t\t\t\t\t\t\t\t\t\t\t\t\t\t\t\t\t\t\t\t\t<\/span>\r\n\t\t\t\t\t\t\t\t\t\t\t\t\t\t\t\t\t<\/span>\r\n\t\t\t\t<\/span>\r\n\t\t\t<\/a>\r\n\t\t\t\t\t\t\t\t<\/div>\r\n\t<\/article>\r\n\t\t<article class=\"portfolio portfolio-grid portfolio-col-3 serie-wr post-2020 type-portfolio status-publish has-post-thumbnail hentry portfolio_cat-serie-wr\">\r\n\t\t\t\t<h3 class=\"entry-title\" style=\"display: none;\">S\u00e9rie WR-CE configuration \u00e0 chariot electrique<\/h3><span class=\"vcard\" style=\"display: none;\"><span class=\"fn\"><a href=\"https:\/\/www.rwmitalia.com\/fr\/author\/thundra\/\" title=\"Articles par admin\" rel=\"author\">admin<\/a><\/span><\/span><span class=\"updated\" style=\"display:none\">2022-01-31T10:24:24+01:00<\/span>\t\t<div class=\"portfolio-item default\">\r\n\t\t\t\r\n\t\t\t<a class=\"text-decoration-none portfolio-link\" href=\"https:\/\/www.rwmitalia.com\/fr\/portfolio\/serie-wr-ce-carrello-elettrico\/\">\r\n\t\t\t\t<span class=\"thumb-info thumb-info-hide-wrapper-bg\">\r\n\t\t\t\t\t<span class=\"thumb-info-wrapper\">\r\n\t\t\t\t\t\t\t\t\t\t\t\t\t\t\t<img loading=\"lazy\" decoding=\"async\" class=\"img-responsive\" src=\"https:\/\/www.rwmitalia.com\/wp-content\/uploads\/2019\/12\/Paranco-Serie-WR-CE-Configurazione-carrello-elettrici-367x367.jpg\" alt=\"\" width=\"367\" height=\"367\" title=\"\">\r\n\t\t\t\t\t\t\t\t\t\r\n\t\t\t\t\t\t\r\n\t\t\t\t\t\t\r\n\t\t\t\t\t\t\t\t\t\t\t\t\t\t\t\t<span class=\"thumb-info-title\">\r\n\r\n\t\t\t\t\t\t\t\t\t\t<span class=\"thumb-info-inner\">S\u00e9rie WR-CE configuration \u00e0 chariot electrique<\/span>\r\n\r\n\t\t\t\t\t\t\t\t\t\t\t\t\t\t\t\t\t\t\t\t\t<span class=\"thumb-info-type\">S\u00e9rie WR<\/span>\r\n\t\t\t\t\t\t\t\t\t\t\r\n\t\t\t\t\t\t\t\t\t<\/span>\r\n\t\t\t\t\t\t\t\t\t\t\t\t\t\t\t\t\t\t\t\t\t\t\t\t\t\t\t<span class=\"thumb-info-action\">\r\n\t\t\t\t\t\t\t\t\t\t\t\t\t\t\t\t\t<span class=\"thumb-info-action-icon thumb-info-action-icon-dark opacity-8\"><i class=\"fa fa-link\"><\/i><\/span>\r\n\t\t\t\t\t\t\t\t\t\t\t\t\t\t\t\t\t\t\t\t\t\t\t<\/span>\r\n\t\t\t\t\t\t\t\t\t\t\t\t\t\t\t\t\t<\/span>\r\n\t\t\t\t<\/span>\r\n\t\t\t<\/a>\r\n\t\t\t\t\t\t\t\t<\/div>\r\n\t<\/article>\r\n\t\r\n\t\r\n\t\r\n\t\t<\/div>\r\n\r\n\t\r\n\t\r\n\t<\/div>\r\n\r\n\t\r\n\t\r\n\t<\/div>[vc_separator color=\u00a0\u00bbcustom\u00a0\u00bb style=\u00a0\u00bbsolid\u00a0\u00bb accent_color=\u00a0\u00bb#eeeeee\u00a0\u00bb][\/vc_column][\/vc_row][vc_row gap=\u00a0\u00bb15&Prime; equal_height=\u00a0\u00bbyes\u00a0\u00bb][vc_column][vc_column_text el_class=\u00a0\u00bbm-b-none\u00a0\u00bb css=\u00a0\u00bb.vc_custom_1582190115482{padding-top: 20px !important;padding-right: 20px !important;padding-bottom: 20px !important;padding-left: 20px !important;background-color: #f9f9f9 !important;}\u00a0\u00bb]<\/p>\n<h3 style=\"text-align: justify;\">Le moteur de levage<\/h3>\n<p style=\"text-align: justify;\">Le moteur est construit selon la classe FEM 2m. Les palans, sur demande, peuvent \u00eatre fournis pour n&rsquo;importe quelle tension. Le degr\u00e9 de protection est IP54. La machine doit fonctionner dans un environnement couvert et exempt de vapeurs; pour diff\u00e9rents environnements ou service ext\u00e9rieur, veuillez demander directement \u00e0 l\u2019usine. Les palans 3000\/4000\/5000 peuvent \u00eatre \u00e9quip\u00e9s d&rsquo;un ventilateur de refroidissement moteur qui, associ\u00e9 \u00e0 la structure \u00e0 ailettes du carter moteur, permet une excellente dissipation thermique<\/p>\n<p>[\/vc_column_text][vc_empty_space height=\u00a0\u00bb20px\u00a0\u00bb][\/vc_column][vc_column width=\u00a0\u00bb1\/2&Prime;][vc_column_text el_class=\u00a0\u00bbm-b-none\u00a0\u00bb css=\u00a0\u00bb.vc_custom_1624268420696{padding-top: 20px !important;padding-right: 20px !important;padding-bottom: 20px !important;padding-left: 20px !important;background-color: #f9f9f9 !important;}\u00a0\u00bb]<\/p>\n<h3 style=\"text-align: justify;\">Le limiteur de charge \u00e0 friction<\/h3>\n<p style=\"text-align: justify;\">La s\u00e9rie WR comprend des interrupteurs de fin de course \u00e9lectriques qui limitent la course maximale vers le haut et vers le bas. Il existe \u00e9galement un dispositif de s\u00e9curit\u00e9 qui agit comme un limiteur de surcharge.<\/p>\n<p>[\/vc_column_text][\/vc_column][vc_column width=\u00a0\u00bb1\/2&Prime;][vc_column_text el_class=\u00a0\u00bbm-b-none\u00a0\u00bb css=\u00a0\u00bb.vc_custom_1584615456087{padding-top: 20px !important;padding-right: 20px !important;padding-bottom: 20px !important;padding-left: 20px !important;background-color: #f9f9f9 !important;}\u00a0\u00bb]<\/p>\n<h3 style=\"text-align: justify;\">Le r\u00e9ducteur<\/h3>\n<p style=\"text-align: justify;\">Le r\u00e9ducteur est compos\u00e9 d&rsquo;engrenages dent\u00e9s h\u00e9lico\u00efdaux, ce qui permet une r\u00e9partition progressive des forces sur la dent et en m\u00eame temps un bruit de fonctionnement r\u00e9duit. Ces composants ont subi des traitements thermiques pour assurer une haute r\u00e9sistance m\u00e9canique et \u00e0 l&rsquo;usure.<br \/>\nAvec les lubrifiants recommand\u00e9s, le palan peut fonctionner dans des environnements avec des temp\u00e9ratures comprises entre -20 \u00b0 C et + 50 \u00b0 C.<\/p>\n<p>[\/vc_column_text][\/vc_column][\/vc_row]<\/p>\n<\/div>","protected":false},"excerpt":{"rendered":"<p>[vc_row][vc_column][vc_column_text el_class=\u00a0\u00bbm-b-none\u00a0\u00bb] La s\u00e9rie WR a \u00e9t\u00e9 con\u00e7ue et construite pour soulever des charges de 1000 \u00e0 5000 kg dans des environnements de travail lourds, o\u00f9 une grande r\u00e9sistance et surtout une grande fiabilit\u00e9 doivent \u00eatre prouv\u00e9es afin de maintenir les plus hautes performances le plus longtemps que possible. Ces caract\u00e9ristiques sont d\u00e9montr\u00e9es par la [&hellip;]<\/p>\n","protected":false},"author":3,"featured_media":0,"parent":0,"menu_order":0,"comment_status":"closed","ping_status":"closed","template":"","meta":{"footnotes":""},"class_list":["post-1753","page","type-page","status-publish","hentry"],"_links":{"self":[{"href":"https:\/\/www.rwmitalia.com\/fr\/wp-json\/wp\/v2\/pages\/1753","targetHints":{"allow":["GET"]}}],"collection":[{"href":"https:\/\/www.rwmitalia.com\/fr\/wp-json\/wp\/v2\/pages"}],"about":[{"href":"https:\/\/www.rwmitalia.com\/fr\/wp-json\/wp\/v2\/types\/page"}],"author":[{"embeddable":true,"href":"https:\/\/www.rwmitalia.com\/fr\/wp-json\/wp\/v2\/users\/3"}],"replies":[{"embeddable":true,"href":"https:\/\/www.rwmitalia.com\/fr\/wp-json\/wp\/v2\/comments?post=1753"}],"version-history":[{"count":0,"href":"https:\/\/www.rwmitalia.com\/fr\/wp-json\/wp\/v2\/pages\/1753\/revisions"}],"wp:attachment":[{"href":"https:\/\/www.rwmitalia.com\/fr\/wp-json\/wp\/v2\/media?parent=1753"}],"curies":[{"name":"wp","href":"https:\/\/api.w.org\/{rel}","templated":true}]}}