{"id":1758,"date":"2019-12-19T10:41:33","date_gmt":"2019-12-19T09:41:33","guid":{"rendered":"https:\/\/rwmitalia.com\/paranchi-elettrici-ribassati\/"},"modified":"2020-02-20T10:21:29","modified_gmt":"2020-02-20T09:21:29","slug":"hauteur-perdue-reduite","status":"publish","type":"page","link":"https:\/\/www.rwmitalia.com\/fr\/hauteur-perdue-reduite\/","title":{"rendered":"Chariot \u00e0 Hauteur perdue r\u00e9duite"},"content":{"rendered":"<div class=\"wpb-content-wrapper\"><p>[vc_row][vc_column][vc_separator color=\u00a0\u00bbcustom\u00a0\u00bb style=\u00a0\u00bbsolid\u00a0\u00bb accent_color=\u00a0\u00bb#eeeeee\u00a0\u00bb][vc_empty_space height=\u00a0\u00bb20px\u00a0\u00bb]<div class=\"porto-portfolios porto-portfolios82f8 wpb_content_element  porto-portfolio-49a15b18bd4722017b499dda5053a7db\" data-appear-animation=\"fadeInUp\">\r\n\t<div class=\"page-portfolios clearfix portfolios-grid wpb_custom_f766824d32289da1f974c4f6f5382936\" id=\"porto_portfolios_ivcg\">\r\n\r\n\t\r\n\t\r\n\t\t\t<div class=\"portfolios-container portfolio-row portfolio-row-2 classic\">\r\n\r\n\t\r\n\t\t<article class=\"portfolio portfolio-grid portfolio-col-2 hauteur-perdue-reduite post-2073 type-portfolio status-publish has-post-thumbnail hentry portfolio_cat-hauteur-perdue-reduite\">\r\n\t\t\t\t<h3 class=\"entry-title\" style=\"display: none;\">S\u00e9rie RS configuration \u00e0 chariot libre<\/h3><span class=\"vcard\" style=\"display: none;\"><span class=\"fn\"><a href=\"https:\/\/www.rwmitalia.com\/fr\/author\/thundra\/\" title=\"Articles par admin\" rel=\"author\">admin<\/a><\/span><\/span><span class=\"updated\" style=\"display:none\">2021-07-22T17:09:55+02:00<\/span>\t\t<div class=\"portfolio-item default\">\r\n\t\t\t\r\n\t\t\t<a class=\"text-decoration-none portfolio-link\" href=\"https:\/\/www.rwmitalia.com\/fr\/portfolio\/serie-rs-configuration-chariot-libre\/\">\r\n\t\t\t\t<span class=\"thumb-info thumb-info-hide-wrapper-bg\">\r\n\t\t\t\t\t<span class=\"thumb-info-wrapper\">\r\n\t\t\t\t\t\t\t\t\t\t\t\t\t\t\t<img loading=\"lazy\" decoding=\"async\" class=\"img-responsive\" src=\"https:\/\/www.rwmitalia.com\/wp-content\/uploads\/2019\/12\/Paranco-Serie-W-Ribassati-a-spinta-560x560.jpg\" alt=\"Paranco Serie W Ribassati a spinta\" width=\"560\" height=\"560\" title=\"\">\r\n\t\t\t\t\t\t\t\t\t\r\n\t\t\t\t\t\t\r\n\t\t\t\t\t\t\r\n\t\t\t\t\t\t\t\t\t\t\t\t\t\t\t\t<span class=\"thumb-info-title\">\r\n\r\n\t\t\t\t\t\t\t\t\t\t<span class=\"thumb-info-inner\">S\u00e9rie RS configuration \u00e0 chariot libre<\/span>\r\n\r\n\t\t\t\t\t\t\t\t\t\t\t\t\t\t\t\t\t\t\t\t\t<span class=\"thumb-info-type\">Hauteur perdue reduite<\/span>\r\n\t\t\t\t\t\t\t\t\t\t\r\n\t\t\t\t\t\t\t\t\t<\/span>\r\n\t\t\t\t\t\t\t\t\t\t\t\t\t\t\t\t\t\t\t\t\t\t\t\t\t\t\t<span class=\"thumb-info-action\">\r\n\t\t\t\t\t\t\t\t\t\t\t\t\t\t\t\t\t<span class=\"thumb-info-action-icon thumb-info-action-icon-dark opacity-8\"><i class=\"fa fa-link\"><\/i><\/span>\r\n\t\t\t\t\t\t\t\t\t\t\t\t\t\t\t\t\t\t\t\t\t\t\t<\/span>\r\n\t\t\t\t\t\t\t\t\t\t\t\t\t\t\t\t\t<\/span>\r\n\t\t\t\t<\/span>\r\n\t\t\t<\/a>\r\n\t\t\t\t\t\t\t\t<\/div>\r\n\t<\/article>\r\n\t\t<article class=\"portfolio portfolio-grid portfolio-col-2 hauteur-perdue-reduite post-2164 type-portfolio status-publish has-post-thumbnail hentry portfolio_cat-hauteur-perdue-reduite\">\r\n\t\t\t\t<h3 class=\"entry-title\" style=\"display: none;\">S\u00e9rie RE Configuration \u00e0 chariot electrique<\/h3><span class=\"vcard\" style=\"display: none;\"><span class=\"fn\"><a href=\"https:\/\/www.rwmitalia.com\/fr\/author\/thundra\/\" title=\"Articles par admin\" rel=\"author\">admin<\/a><\/span><\/span><span class=\"updated\" style=\"display:none\">2021-07-22T16:56:23+02:00<\/span>\t\t<div class=\"portfolio-item default\">\r\n\t\t\t\r\n\t\t\t<a class=\"text-decoration-none portfolio-link\" href=\"https:\/\/www.rwmitalia.com\/fr\/portfolio\/serie-re-configuration-chariot-electrique\/\">\r\n\t\t\t\t<span class=\"thumb-info thumb-info-hide-wrapper-bg\">\r\n\t\t\t\t\t<span class=\"thumb-info-wrapper\">\r\n\t\t\t\t\t\t\t\t\t\t\t\t\t\t\t<img loading=\"lazy\" decoding=\"async\" class=\"img-responsive\" src=\"https:\/\/www.rwmitalia.com\/wp-content\/uploads\/2019\/12\/Paranco-Serie-W-Ribassati-2-ok-1-560x560.jpg\" alt=\"Paranco Serie W Ribassati 2 \" width=\"560\" height=\"560\" title=\"\">\r\n\t\t\t\t\t\t\t\t\t\r\n\t\t\t\t\t\t\r\n\t\t\t\t\t\t\r\n\t\t\t\t\t\t\t\t\t\t\t\t\t\t\t\t<span class=\"thumb-info-title\">\r\n\r\n\t\t\t\t\t\t\t\t\t\t<span class=\"thumb-info-inner\">S\u00e9rie RE Configuration \u00e0 chariot electrique<\/span>\r\n\r\n\t\t\t\t\t\t\t\t\t\t\t\t\t\t\t\t\t\t\t\t\t<span class=\"thumb-info-type\">Hauteur perdue reduite<\/span>\r\n\t\t\t\t\t\t\t\t\t\t\r\n\t\t\t\t\t\t\t\t\t<\/span>\r\n\t\t\t\t\t\t\t\t\t\t\t\t\t\t\t\t\t\t\t\t\t\t\t\t\t\t\t<span class=\"thumb-info-action\">\r\n\t\t\t\t\t\t\t\t\t\t\t\t\t\t\t\t\t<span class=\"thumb-info-action-icon thumb-info-action-icon-dark opacity-8\"><i class=\"fa fa-link\"><\/i><\/span>\r\n\t\t\t\t\t\t\t\t\t\t\t\t\t\t\t\t\t\t\t\t\t\t\t<\/span>\r\n\t\t\t\t\t\t\t\t\t\t\t\t\t\t\t\t\t<\/span>\r\n\t\t\t\t<\/span>\r\n\t\t\t<\/a>\r\n\t\t\t\t\t\t\t\t<\/div>\r\n\t<\/article>\r\n\t\r\n\t\r\n\t\r\n\t\t<\/div>\r\n\r\n\t\r\n\t\r\n\t<\/div>\r\n\r\n\t\r\n\t\r\n\t<\/div>[vc_separator color=\u00a0\u00bbcustom\u00a0\u00bb style=\u00a0\u00bbsolid\u00a0\u00bb accent_color=\u00a0\u00bb#eeeeee\u00a0\u00bb][vc_empty_space height=\u00a0\u00bb20px\u00a0\u00bb][\/vc_column][\/vc_row][vc_row gap=\u00a0\u00bb15&Prime; equal_height=\u00a0\u00bbyes\u00a0\u00bb][vc_column width=\u00a0\u00bb1\/2&Prime;][vc_column_text el_class=\u00a0\u00bbm-b-none\u00a0\u00bb css=\u00a0\u00bb.vc_custom_1582190433147{padding-top: 20px !important;padding-right: 20px !important;padding-bottom: 20px !important;padding-left: 20px !important;background-color: #f9f9f9 !important;}\u00a0\u00bb]<\/p>\n<h3 style=\"text-align: justify;\">Chariot \u00e0 hauteur perdue r\u00e9duite<\/h3>\n<p>Le chariot \u00e0 hauteur perdue r\u00e9duite est utilis\u00e9 lorsqu&rsquo;il est n\u00e9cessaire de tirer le meilleur parti de la hauteur disponible entre le sol et la poutre. Par cons\u00e9quent, il devient parfait dans les cas d&rsquo;environnements de faible hauteur ou lorsqu&rsquo;il est n\u00e9cessaire d&rsquo;entrer dans des espaces confin\u00e9s.<\/p>\n<p>La structure principale qui supporte le palan et les diff\u00e9rentes transmissions \u00e0 cha\u00eene est constitu\u00e9e de plaques d&rsquo;acier d&rsquo;\u00e9paisseur variable en fonction de la charge. Cette application propose \u00e9galement une fin de course de mont\u00e9e \u00e9lectrique, fourni sur demande pour la classe W (en variante le dispositif de s\u00e9curit\u00e9 m\u00e9canique est utilis\u00e9 comme limiteur), contrairement \u00e0 la classe WR qui le pr\u00e9sente en standard.[\/vc_column_text][vc_empty_space height=\u00a0\u00bb20px\u00a0\u00bb][\/vc_column][vc_column width=\u00a0\u00bb1\/2&Prime;][vc_single_image image=\u00a0\u00bb1001&Prime; img_size=\u00a0\u00bbfull\u00a0\u00bb alignment=\u00a0\u00bbcenter\u00a0\u00bb style=\u00a0\u00bbvc_box_shadow_border\u00a0\u00bb lightbox=\u00a0\u00bbyes\u00a0\u00bb][vc_column_text el_class=\u00a0\u00bbm-b-none\u00a0\u00bb]<\/p>\n<h6 style=\"text-align: center;\"><strong>1 \u2022<\/strong>\u00a0Plus d&rsquo;espace d&rsquo;installation \u00a0| \u00a0<b>2 \u2022\u00a0<\/b>Palan \u00e0 cha\u00eene \u00ab\u00a0taille normale\u00a0\u00bb<\/h6>\n<h6 style=\"text-align: center;\">\u00a0<b><\/b><strong>3 \u2022\u00a0<\/strong>Palan \u00e0 cha\u00eene \u00ab\u00a0\u00e0 hauteur perdue r\u00e9duite\u00a0\u00bb<\/h6>\n<p>[\/vc_column_text][\/vc_column][\/vc_row]<\/p>\n<\/div>","protected":false},"excerpt":{"rendered":"<p>[vc_row][vc_column][vc_separator color=\u00a0\u00bbcustom\u00a0\u00bb style=\u00a0\u00bbsolid\u00a0\u00bb accent_color=\u00a0\u00bb#eeeeee\u00a0\u00bb][vc_empty_space height=\u00a0\u00bb20px\u00a0\u00bb][vc_separator color=\u00a0\u00bbcustom\u00a0\u00bb style=\u00a0\u00bbsolid\u00a0\u00bb accent_color=\u00a0\u00bb#eeeeee\u00a0\u00bb][vc_empty_space height=\u00a0\u00bb20px\u00a0\u00bb][\/vc_column][\/vc_row][vc_row gap=\u00a0\u00bb15&Prime; equal_height=\u00a0\u00bbyes\u00a0\u00bb][vc_column width=\u00a0\u00bb1\/2&Prime;][vc_column_text el_class=\u00a0\u00bbm-b-none\u00a0\u00bb css=\u00a0\u00bb.vc_custom_1582190433147{padding-top: 20px !important;padding-right: 20px !important;padding-bottom: 20px !important;padding-left: 20px !important;background-color: #f9f9f9 !important;}\u00a0\u00bb] Chariot \u00e0 hauteur perdue r\u00e9duite Le chariot \u00e0 hauteur perdue r\u00e9duite est utilis\u00e9 lorsqu&rsquo;il est n\u00e9cessaire de tirer le meilleur parti de la hauteur disponible entre le sol et la poutre. [&hellip;]<\/p>\n","protected":false},"author":3,"featured_media":0,"parent":0,"menu_order":0,"comment_status":"closed","ping_status":"closed","template":"","meta":{"footnotes":""},"class_list":["post-1758","page","type-page","status-publish","hentry"],"_links":{"self":[{"href":"https:\/\/www.rwmitalia.com\/fr\/wp-json\/wp\/v2\/pages\/1758","targetHints":{"allow":["GET"]}}],"collection":[{"href":"https:\/\/www.rwmitalia.com\/fr\/wp-json\/wp\/v2\/pages"}],"about":[{"href":"https:\/\/www.rwmitalia.com\/fr\/wp-json\/wp\/v2\/types\/page"}],"author":[{"embeddable":true,"href":"https:\/\/www.rwmitalia.com\/fr\/wp-json\/wp\/v2\/users\/3"}],"replies":[{"embeddable":true,"href":"https:\/\/www.rwmitalia.com\/fr\/wp-json\/wp\/v2\/comments?post=1758"}],"version-history":[{"count":0,"href":"https:\/\/www.rwmitalia.com\/fr\/wp-json\/wp\/v2\/pages\/1758\/revisions"}],"wp:attachment":[{"href":"https:\/\/www.rwmitalia.com\/fr\/wp-json\/wp\/v2\/media?parent=1758"}],"curies":[{"name":"wp","href":"https:\/\/api.w.org\/{rel}","templated":true}]}}