{"id":1773,"date":"2020-01-08T15:22:14","date_gmt":"2020-01-08T14:22:14","guid":{"rendered":"https:\/\/rwmitalia.com\/modulo-richiesta-assistenza\/"},"modified":"2020-02-26T16:48:10","modified_gmt":"2020-02-26T15:48:10","slug":"formulaire-pour-demande-dassistance","status":"publish","type":"page","link":"https:\/\/www.rwmitalia.com\/fr\/formulaire-pour-demande-dassistance\/","title":{"rendered":"Formulaire pour demande d&rsquo;assistance"},"content":{"rendered":"<div class=\"wpb-content-wrapper\"><p>[vc_row el_class=\u00a0\u00bbm-t-n-md p-t-md\u00a0\u00bb css=\u00a0\u00bb.vc_custom_1578493331980{margin-top: -48px !important;padding-right: 25px !important;padding-bottom: 25px !important;padding-left: 25px !important;background-color: #ffffff !important;}\u00a0\u00bb][vc_column][vc_empty_space][vc_custom_heading text=\u00a0\u00bbFormulaire pour demande d&rsquo;assistance RWM\u00a0\u00bb font_container=\u00a0\u00bbtag:h2|font_size:34|text_align:justify\u00a0\u00bb use_theme_fonts=\u00a0\u00bbyes\u00a0\u00bb el_class=\u00a0\u00bbm-b-md\u00a0\u00bb][vc_column_text el_class=\u00a0\u00bblead\u00a0\u00bb]<\/p>\n<h4 style=\"text-align: justify;\"><span style=\"font-size: 20px;\">Remplissez le formulaire dans son int\u00e9gralit\u00e9 pour recevoir assistance technique.<\/span><\/h4>\n<p>[\/vc_column_text][vc_row_inner css=\u00a0\u00bb.vc_custom_1578493243693{padding-top: 20px !important;padding-right: 20px !important;padding-bottom: 20px !important;padding-left: 20px !important;background-color: #f7f7f7 !important;}\u00a0\u00bb][vc_column_inner]\n<div class=\"wpcf7 no-js\" id=\"wpcf7-f2666-o1\" lang=\"fr-FR\" dir=\"ltr\" data-wpcf7-id=\"2666\">\n<div class=\"screen-reader-response\"><p role=\"status\" aria-live=\"polite\" aria-atomic=\"true\"><\/p> <ul><\/ul><\/div>\n<form action=\"\/fr\/wp-json\/wp\/v2\/pages\/1773#wpcf7-f2666-o1\" method=\"post\" class=\"wpcf7-form init\" aria-label=\"Formulaire de contact\" novalidate=\"novalidate\" data-status=\"init\">\n<fieldset class=\"hidden-fields-container\"><input type=\"hidden\" name=\"_wpcf7\" value=\"2666\" \/><input type=\"hidden\" name=\"_wpcf7_version\" value=\"6.1.5\" \/><input type=\"hidden\" name=\"_wpcf7_locale\" value=\"fr_FR\" \/><input type=\"hidden\" name=\"_wpcf7_unit_tag\" value=\"wpcf7-f2666-o1\" \/><input type=\"hidden\" name=\"_wpcf7_container_post\" value=\"0\" \/><input type=\"hidden\" name=\"_wpcf7_posted_data_hash\" value=\"\" \/>\n<\/fieldset>\n<div class=\"form-group\">\n            <h4><b>J'ai besoin d'aide pour:<\/b><\/h4><span class=\"wpcf7-form-control-wrap\" data-name=\"tipologia_assistenza\"><span class=\"wpcf7-form-control wpcf7-radio\"><span class=\"wpcf7-list-item first\"><input type=\"radio\" name=\"tipologia_assistenza\" value=\"Certifications de garantie\" checked=\"checked\" \/><span class=\"wpcf7-list-item-label\">Certifications de garantie<\/span><\/span><span class=\"wpcf7-list-item\"><input type=\"radio\" name=\"tipologia_assistenza\" value=\"Pi\u00e8ces d\u00e9tach\u00e9es\" \/><span class=\"wpcf7-list-item-label\">Pi\u00e8ces d\u00e9tach\u00e9es<\/span><\/span><span class=\"wpcf7-list-item last\"><input type=\"radio\" name=\"tipologia_assistenza\" value=\"R\u00e9parations\" \/><span class=\"wpcf7-list-item-label\">R\u00e9parations<\/span><\/span><\/span><\/span>\n        <\/div>\n<div class=\"row\">\n    <div class=\"col-lg-12\">\n        <div class=\"form-group\">\n            <span class=\"wpcf7-form-control-wrap\" data-name=\"your-name\"><input size=\"40\" maxlength=\"400\" class=\"wpcf7-form-control wpcf7-text wpcf7-validates-as-required form-control\" id=\"contact-name\" aria-required=\"true\" aria-invalid=\"false\" placeholder=\"Nom et Pr\u00e9nom\" value=\"\" type=\"text\" name=\"your-name\" \/><\/span>\n        <\/div>\n    <\/div>\n    <div class=\"col-lg-6\">\n        <div class=\"form-group\">\n            <span class=\"wpcf7-form-control-wrap\" data-name=\"azienda\"><input size=\"40\" maxlength=\"400\" class=\"wpcf7-form-control wpcf7-text wpcf7-validates-as-required form-control\" id=\"contact-email\" aria-required=\"true\" aria-invalid=\"false\" placeholder=\"Soci\u00e9t\u00e9\" value=\"\" type=\"text\" name=\"azienda\" \/><\/span>\n        <\/div>\n    <\/div>\n    <div class=\"col-lg-6\">\n        <div class=\"form-group\">\n            Encadrement: <span class=\"wpcf7-form-control-wrap\" data-name=\"Incarico\"><select class=\"wpcf7-form-control wpcf7-select wpcf7-validates-as-required\" aria-required=\"true\" aria-invalid=\"false\" name=\"Incarico\"><option value=\"\">&#8212;Veuillez choisir une option&#8212;<\/option><option value=\"Directeur G\u00e9n\u00e9ral\">Directeur G\u00e9n\u00e9ral<\/option><option value=\"Responsable Achats\">Responsable Achats<\/option><option value=\"Directeur commercial\">Directeur commercial<\/option><option value=\"Responsable Bureau Technique\">Responsable Bureau Technique<\/option><\/select><\/span>\n        <\/div>\n    <\/div>\n    <div class=\"col-lg-6\">\n        <div class=\"form-group\">\n            <span class=\"wpcf7-form-control-wrap\" data-name=\"your-email\"><input size=\"40\" maxlength=\"400\" class=\"wpcf7-form-control wpcf7-email wpcf7-validates-as-required wpcf7-text wpcf7-validates-as-email form-control\" aria-required=\"true\" aria-invalid=\"false\" placeholder=\"Email\" value=\"\" type=\"email\" name=\"your-email\" \/><\/span>\n        <\/div>\n    <\/div>\n    <div class=\"col-lg-6\">\n        <div class=\"form-group\">\n            <span class=\"wpcf7-form-control-wrap\" data-name=\"Telefono\"><input size=\"40\" maxlength=\"400\" class=\"wpcf7-form-control wpcf7-tel wpcf7-validates-as-required wpcf7-text wpcf7-validates-as-tel form-control\" aria-required=\"true\" aria-invalid=\"false\" placeholder=\"Num\u00e9ro de t\u00e9l\u00e9phone\" value=\"\" type=\"tel\" name=\"Telefono\" \/><\/span>\n        <\/div>\n    <\/div>\n    <div class=\"col-lg-12\"><hr \/>    <\/div>\n    <div class=\"col-lg-4\">\n        <div class=\"form-group\">\n            <span class=\"wpcf7-form-control-wrap\" data-name=\"modello-paranco\"><input size=\"40\" maxlength=\"400\" class=\"wpcf7-form-control wpcf7-text form-control\" id=\"contact-subject\" aria-invalid=\"false\" placeholder=\"Mod\u00e8le de palan\" value=\"\" type=\"text\" name=\"modello-paranco\" \/><\/span>\n        <\/div>\n    <\/div>\n    <div class=\"col-lg-4\">\n        <div class=\"form-group\">\n            <span class=\"wpcf7-form-control-wrap\" data-name=\"anno\"><input size=\"40\" maxlength=\"400\" class=\"wpcf7-form-control wpcf7-text form-control\" aria-invalid=\"false\" placeholder=\"Ann\u00e9e de production\" value=\"\" type=\"text\" name=\"anno\" \/><\/span>\n        <\/div>\n    <\/div>\n    <div class=\"col-lg-4\">\n        <div class=\"form-group\">\n            <span class=\"wpcf7-form-control-wrap\" data-name=\"Matricola\"><input size=\"40\" maxlength=\"400\" class=\"wpcf7-form-control wpcf7-text form-control\" aria-invalid=\"false\" placeholder=\"Num\u00e9ro de s\u00e9rie du palan\" value=\"\" type=\"text\" name=\"Matricola\" \/><\/span>\n        <\/div>\n    <\/div>\n    <div class=\"col-lg-12\">\n        <div class=\"form-group\">\n            <hr \/><span class=\"wpcf7-form-control-wrap\" data-name=\"your-subject\"><input size=\"40\" maxlength=\"400\" class=\"wpcf7-form-control wpcf7-text form-control\" aria-invalid=\"false\" placeholder=\"Sujet\" value=\"\" type=\"text\" name=\"your-subject\" \/><\/span>\n        <\/div>\n    <\/div>\n    <div class=\"col-lg-12\">\n        <div class=\"form-group\">\n            <span class=\"wpcf7-form-control-wrap\" data-name=\"your-message\"><textarea cols=\"40\" rows=\"7\" maxlength=\"2000\" class=\"wpcf7-form-control wpcf7-textarea form-control\" id=\"contact-message\" aria-invalid=\"false\" placeholder=\"Description Demande d&#039;assistance\" name=\"your-message\"><\/textarea><\/span>\n        <\/div>\n    <\/div>\n    <div class=\"col-lg-12\">\n        <div class=\"form-group\">\n         <b>Joindre fichier Max 8Mb<\/b> <span class=\"wpcf7-form-control-wrap\" data-name=\"Allega-file\"><input size=\"40\" class=\"wpcf7-form-control wpcf7-drag-n-drop-file d-none\" aria-invalid=\"false\" type=\"file\" multiple=\"multiple\" data-name=\"Allega-file\" data-limit=\"8648576\" data-id=\"2666\" data-version=\"free version 1.3.9.6\" accept=\".\" \/><\/span>\n        <\/div>\n    <\/div>\n\n <div class=\"col-lg-12\"><p style=\"text-align: justify;\"><b><span class=\"wpcf7-form-control-wrap\" data-name=\"checkbox-560\"><span class=\"wpcf7-form-control wpcf7-checkbox wpcf7-validates-as-required\"><span class=\"wpcf7-list-item first last\"><span class=\"wpcf7-list-item-label\">Je consens au traitement de mes donn\u00e9es<\/span><input type=\"checkbox\" name=\"checkbox-560[]\" value=\"Je consens au traitement de mes donn\u00e9es\" \/><\/span><\/span><\/span><\/b> <br \/><b>Conform\u00e9ment au R\u00e8glement (Ue) 2016\/679 et ses modifications ult\u00e9rieures<\/b>, je d\u00e9clare avoir lu les informations et je consens au traitement de mes donn\u00e9es personnelles, dans les limites et aux fins indiqu\u00e9s dans les informations susmentionn\u00e9es. <a href=\"https:\/\/www.iubenda.com\/privacy-policy\/33191837\" class=\"iubenda-nostyle no-brand iubenda-embed\" title=\"Privacy Policy \" rel=\"nofollow noopener\" target=\"_blank\">Privacy Policy<\/a><script type=\"text\/javascript\">(function (w,d) {var loader = function () {var s = d.createElement(\"script\"), tag = d.getElementsByTagName(\"script\")[0]; s.src=\"https:\/\/cdn.iubenda.com\/iubenda.js\"; tag.parentNode.insertBefore(s,tag);}; if(w.addEventListener){w.addEventListener(\"load\", loader, false);}else if(w.attachEvent){w.attachEvent(\"onload\", loader);}else{w.onload = loader;}})(window, document);<\/script><\/p>\n        <\/div>\n<div class=\"ect-turnstile-container\" id=\"ect-cf-turnstile-container-2350678561-1\" data-sitekey=\"0x4AAAAAAAK0Hsw6f1sYtG17\" data-theme=\"light\" data-submit-button=\"\" data-size=\"normal\"><\/div>\n    <div class=\"col-lg-12\">\n        <div class=\"form-group\">\n            <input class=\"wpcf7-form-control wpcf7-submit has-spinner btn btn-primary btn-lg\" type=\"submit\" value=\"Envoyer la demande\" \/>\n        <\/div>\n    <\/div><p style=\"display: none !important;\" class=\"akismet-fields-container\" data-prefix=\"_wpcf7_ak_\"><label>&#916;<textarea name=\"_wpcf7_ak_hp_textarea\" cols=\"45\" rows=\"8\" maxlength=\"100\"><\/textarea><\/label><input type=\"hidden\" id=\"ak_js_1\" name=\"_wpcf7_ak_js\" value=\"23\"\/><script>\ndocument.getElementById( \"ak_js_1\" ).setAttribute( \"value\", ( new Date() ).getTime() );\n<\/script>\n<\/p><input type=\"text\" name=\"LSV9b\" value=\"\" style=\"display: none !important;\" \/><div class=\"wpcf7-response-output\" aria-hidden=\"true\"><\/div>\n<\/form>\n<\/div>\n[\/vc_column_inner][\/vc_row_inner][vc_empty_space][vc_single_image image=\u00a0\u00bb229&Prime; img_size=\u00a0\u00bbfull\u00a0\u00bb][\/vc_column][\/vc_row]<\/p>\n<\/div>","protected":false},"excerpt":{"rendered":"<p>[vc_row el_class=\u00a0\u00bbm-t-n-md p-t-md\u00a0\u00bb css=\u00a0\u00bb.vc_custom_1578493331980{margin-top: -48px !important;padding-right: 25px !important;padding-bottom: 25px !important;padding-left: 25px !important;background-color: #ffffff !important;}\u00a0\u00bb][vc_column][vc_empty_space][vc_custom_heading text=\u00a0\u00bbFormulaire pour demande d&rsquo;assistance RWM\u00a0\u00bb font_container=\u00a0\u00bbtag:h2|font_size:34|text_align:justify\u00a0\u00bb use_theme_fonts=\u00a0\u00bbyes\u00a0\u00bb el_class=\u00a0\u00bbm-b-md\u00a0\u00bb][vc_column_text el_class=\u00a0\u00bblead\u00a0\u00bb] Remplissez le formulaire dans son int\u00e9gralit\u00e9 pour recevoir assistance technique. [\/vc_column_text][vc_row_inner css=\u00a0\u00bb.vc_custom_1578493243693{padding-top: 20px !important;padding-right: 20px !important;padding-bottom: 20px !important;padding-left: 20px !important;background-color: #f7f7f7 !important;}\u00a0\u00bb][vc_column_inner][\/vc_column_inner][\/vc_row_inner][vc_empty_space][vc_single_image image=\u00a0\u00bb229&Prime; img_size=\u00a0\u00bbfull\u00a0\u00bb][\/vc_column][\/vc_row]<\/p>\n","protected":false},"author":3,"featured_media":0,"parent":0,"menu_order":0,"comment_status":"closed","ping_status":"closed","template":"","meta":{"footnotes":""},"class_list":["post-1773","page","type-page","status-publish","hentry"],"_links":{"self":[{"href":"https:\/\/www.rwmitalia.com\/fr\/wp-json\/wp\/v2\/pages\/1773","targetHints":{"allow":["GET"]}}],"collection":[{"href":"https:\/\/www.rwmitalia.com\/fr\/wp-json\/wp\/v2\/pages"}],"about":[{"href":"https:\/\/www.rwmitalia.com\/fr\/wp-json\/wp\/v2\/types\/page"}],"author":[{"embeddable":true,"href":"https:\/\/www.rwmitalia.com\/fr\/wp-json\/wp\/v2\/users\/3"}],"replies":[{"embeddable":true,"href":"https:\/\/www.rwmitalia.com\/fr\/wp-json\/wp\/v2\/comments?post=1773"}],"version-history":[{"count":0,"href":"https:\/\/www.rwmitalia.com\/fr\/wp-json\/wp\/v2\/pages\/1773\/revisions"}],"wp:attachment":[{"href":"https:\/\/www.rwmitalia.com\/fr\/wp-json\/wp\/v2\/media?parent=1773"}],"curies":[{"name":"wp","href":"https:\/\/api.w.org\/{rel}","templated":true}]}}